{"id":64967,"date":"2013-07-11T14:16:56","date_gmt":"2013-07-11T12:16:56","guid":{"rendered":"https:\/\/koiquestion.com\/partner-ufficiali"},"modified":"2025-04-14T19:55:09","modified_gmt":"2025-04-14T17:55:09","slug":"partner-ufficiali","status":"publish","type":"page","link":"https:\/\/koiquestion.com\/it\/partner-ufficiali","title":{"rendered":"Partner ufficiali"},"content":{"rendered":"<p><abbr class='c2c-text-hover' title='Beating Heart of the Nishikigoi Community'>KoiQuestion<\/abbr> \u00e8 il cuore pulsante della comunit\u00e0 <abbr class='c2c-text-hover' title='offici\u00eble benaming voor Koi'>Nishikigoi<\/abbr>. Un legame indispensabile \u00e8 il nostro impegno duraturo nei confronti dei benefattori e delle organizzazioni pro-Koi che apprezzano la nostra iniziativa unificante. Le collaborazioni attive garantiscono vantaggi reciproci che gli hobbisti raccolgono collettivamente. Di seguito una panoramica dei nostri partner. Clicca su un logo per visitare il sito web; perch\u00e9 la condivisione della conoscenza non \u00e8 qualcosa che si fa da soli.    <\/p>\n<blockquote>\n<h2><span style=\"color: #ff0000;\">Perch\u00e9 non si condivide la conoscenza da soli<\/span><\/h2>\n<\/blockquote>\n<div class=\"lshowcase-clear-both\">&nbsp;<\/div><div class=\"lshowcase-logos \"><div class='lshowcase-flex' ><div  data-entry-id='52719' class='lshowcase-thumb lshowcase-hover-grayscale lshowcase-tooltip lshowcase-box-5 ls-partners '><div style=\"padding:5%;\" class=\"lshowcase-wrap-responsive\"><div data-entry-id=\"52719\" class=\"lshowcase-boxInner\"><a href=\"https:\/\/www.facebook.com\/KoiSkills\/\" target=\"_blank\" rel=\"noopener\"><img data-no-lazy='1' data-original-title='KoiSkills' data-entry-id='52719' src='https:\/\/koiquestion.com\/wp-content\/uploads\/2020\/11\/unnamed-200x200.jpg'  width='200'  height = '200'  alt='' title='KoiSkills' class='lshowcase-thumb'   \/><\/a><\/div><\/div><\/div><div  data-entry-id='52721' class='lshowcase-thumb lshowcase-hover-grayscale lshowcase-tooltip lshowcase-box-5 ls-partners '><div style=\"padding:5%;\" class=\"lshowcase-wrap-responsive\"><div data-entry-id=\"52721\" class=\"lshowcase-boxInner\"><a href=\"https:\/\/koitoday.nl\" target=\"_blank\" rel=\"noopener\"><img data-no-lazy='1' data-original-title='Koi Today' data-entry-id='52721' src='https:\/\/koiquestion.com\/wp-content\/uploads\/2020\/11\/Logo-KoiToday-190x200.jpg'  width='190'  height = '200'  alt='' title='Koi Today' class='lshowcase-thumb'   \/><\/a><\/div><\/div><\/div><div  data-entry-id='52717' class='lshowcase-thumb lshowcase-hover-grayscale lshowcase-tooltip lshowcase-box-5 ls-partners '><div style=\"padding:5%;\" class=\"lshowcase-wrap-responsive\"><div data-entry-id=\"52717\" class=\"lshowcase-boxInner\"><a href=\"https:\/\/adviesgroepkoienvijver.nl\" target=\"_blank\" rel=\"noopener\"><img data-no-lazy='1' data-original-title='Adviesgroep Koi &#038; Vijver' data-entry-id='52717' src='https:\/\/koiquestion.com\/wp-content\/uploads\/2020\/11\/ak-logo-156x200.jpg'  width='156'  height = '200'  alt='' title='Adviesgroep Koi &#038; Vijver' class='lshowcase-thumb'   \/><\/a><\/div><\/div><\/div><div  data-entry-id='52729' class='lshowcase-thumb lshowcase-hover-grayscale lshowcase-tooltip lshowcase-box-5 ls-partners '><div style=\"padding:5%;\" class=\"lshowcase-wrap-responsive\"><div data-entry-id=\"52729\" class=\"lshowcase-boxInner\"><a href=\"https:\/\/www.interkoi.de\" target=\"_blank\" rel=\"noopener\"><img data-no-lazy='1' data-original-title='Interkoi KLAN' data-entry-id='52729' src='https:\/\/koiquestion.com\/wp-content\/uploads\/2020\/11\/klan-200x178.jpg'  width='200'  height = '178'  alt='' title='Interkoi KLAN' class='lshowcase-thumb'   \/><\/a><\/div><\/div><\/div><div  data-entry-id='52727' class='lshowcase-thumb lshowcase-hover-grayscale lshowcase-tooltip lshowcase-box-5 ls-partners '><div style=\"padding:5%;\" class=\"lshowcase-wrap-responsive\"><div data-entry-id=\"52727\" class=\"lshowcase-boxInner\"><a href=\"https:\/\/www.euregiokoishow.nl\" target=\"_blank\" rel=\"noopener\"><img data-no-lazy='1' data-original-title='Koi Club Nederland' data-entry-id='52727' src='https:\/\/koiquestion.com\/wp-content\/uploads\/2020\/11\/image.png'  width='185'  height = '180'  alt='' title='Koi Club Nederland' class='lshowcase-thumb'   \/><\/a><\/div><\/div><\/div><div  data-entry-id='52723' class='lshowcase-thumb lshowcase-hover-grayscale lshowcase-tooltip lshowcase-box-5 ls-partners '><div style=\"padding:5%;\" class=\"lshowcase-wrap-responsive\"><div data-entry-id=\"52723\" class=\"lshowcase-boxInner\"><a href=\"https:\/\/www.koi-academy.nl\" target=\"_blank\" rel=\"noopener\"><img data-no-lazy='1' data-original-title='Koi Academy' data-entry-id='52723' src='https:\/\/koiquestion.com\/wp-content\/uploads\/2020\/11\/Koi_Academy_Logo-200x54.png'  width='200'  height = '54'  alt='' title='Koi Academy' class='lshowcase-thumb'   \/><\/a><\/div><\/div><\/div><div  data-entry-id='52731' class='lshowcase-thumb lshowcase-hover-grayscale lshowcase-tooltip lshowcase-box-5 ls-partners '><div style=\"padding:5%;\" class=\"lshowcase-wrap-responsive\"><div data-entry-id=\"52731\" class=\"lshowcase-boxInner\"><a href=\"https:\/\/belgiankoishow.be\" target=\"_blank\" rel=\"noopener\"><img data-no-lazy='1' data-original-title='Belgian Koi Society' data-entry-id='52731' src='https:\/\/koiquestion.com\/wp-content\/uploads\/2020\/11\/BKS_logo_283x200-200x141.jpg'  width='200'  height = '141'  alt='' title='Belgian Koi Society' class='lshowcase-thumb'   \/><\/a><\/div><\/div><\/div><div  data-entry-id='52715' class='lshowcase-thumb lshowcase-hover-grayscale lshowcase-tooltip lshowcase-box-5 ls-partners '><div style=\"padding:5%;\" class=\"lshowcase-wrap-responsive\"><div data-entry-id=\"52715\" class=\"lshowcase-boxInner\"><a href=\"https:\/\/www.koicave.nl\" target=\"_blank\" rel=\"noopener\"><img data-no-lazy='1' data-original-title='KoiCave' data-entry-id='52715' src='https:\/\/koiquestion.com\/wp-content\/uploads\/2020\/11\/unknown-1-154x187-1.png'  width='154'  height = '187'  alt='' title='KoiCave' class='lshowcase-thumb'   \/><\/a><\/div><\/div><\/div><\/div><\/div><div class=\"lshowcase-clear-both\">&nbsp;<\/div>\n&#13;\n<h1 class=\"wp-block-heading\">Partner ufficiali di <abbr class='c2c-text-hover' title='Beating Heart of the Nishikigoi Community'>KoiQuestion<\/abbr><\/h1>&#13;\n&#13;\n<p><strong>Koi Today<\/strong> &#8211; Sito web del giudice ZNA e responsabile del corso <abbr class='c2c-text-hover' title='Auteur KoiBijbel en cursusleider Koi-Academy'>Joop van Tol<\/abbr> (NL)<\/p>&#13;\n&#13;\n<p><strong>Koi Skills <\/strong> &#8211; Esperto di esperienza e responsabile del corso Marco Zegers (NL)<\/p>&#13;\n&#13;\n<p><strong>KoiCave<\/strong> &#8211; associazione di hobbisti Koi in rapida crescita (NL)<\/p>&#13;\n&#13;\n<p><strong>KLAN Interkoi<\/strong> &#8211; Associazione di Koi e organizzatore dell&#8217;Interkoi Show (DE)<\/p>&#13;\n&#13;\n<p><strong>Koi Club Olanda<\/strong> &#8211; organizzatore Euregio Koi Show (NL)<\/p>&#13;\n&#13;\n<p><strong>Belgian Koi Society<\/strong> &#8211; organizzatore BKS Koi Show (BE)<\/p>&#13;\n","protected":false},"excerpt":{"rendered":"<p><abbr class='c2c-text-hover' title='Beating Heart of the Nishikigoi Community'>KoiQuestion<\/abbr> \u00e8 il cuore pulsante della comunit\u00e0 <abbr class='c2c-text-hover' title='offici\u00eble benaming voor Koi'>Nishikigoi<\/abbr>. Un legame indispensabile \u00e8 il nostro impegno duraturo nei confronti dei benefattori e delle organizzazioni pro-Koi che apprezzano la nostra iniziativa unificante. Le collaborazioni attive garantiscono vantaggi reciproci che gli hobbisti raccolgono collettivamente. Di seguito una panoramica dei nostri partner. Clicca su un logo per visitare il<\/p>\n","protected":false},"author":3,"featured_media":0,"parent":0,"menu_order":0,"comment_status":"open","ping_status":"open","template":"","meta":{"footnotes":""},"class_list":["post-64967","page","type-page","status-publish"],"_links":{"self":[{"href":"https:\/\/koiquestion.com\/it\/wp-json\/wp\/v2\/pages\/64967","targetHints":{"allow":["GET"]}}],"collection":[{"href":"https:\/\/koiquestion.com\/it\/wp-json\/wp\/v2\/pages"}],"about":[{"href":"https:\/\/koiquestion.com\/it\/wp-json\/wp\/v2\/types\/page"}],"author":[{"embeddable":true,"href":"https:\/\/koiquestion.com\/it\/wp-json\/wp\/v2\/users\/3"}],"replies":[{"embeddable":true,"href":"https:\/\/koiquestion.com\/it\/wp-json\/wp\/v2\/comments?post=64967"}],"version-history":[{"count":1,"href":"https:\/\/koiquestion.com\/it\/wp-json\/wp\/v2\/pages\/64967\/revisions"}],"predecessor-version":[{"id":64968,"href":"https:\/\/koiquestion.com\/it\/wp-json\/wp\/v2\/pages\/64967\/revisions\/64968"}],"wp:attachment":[{"href":"https:\/\/koiquestion.com\/it\/wp-json\/wp\/v2\/media?parent=64967"}],"curies":[{"name":"wp","href":"https:\/\/api.w.org\/{rel}","templated":true}]}}