{"id":67985,"date":"2013-07-11T23:09:14","date_gmt":"2013-07-11T21:09:14","guid":{"rendered":"https:\/\/koiquestion.com\/sponsors-officiels"},"modified":"2013-07-11T23:09:14","modified_gmt":"2013-07-11T21:09:14","slug":"sponsors-officiels","status":"publish","type":"page","link":"https:\/\/koiquestion.com\/fr\/sponsors-officiels","title":{"rendered":"Sponsors officiels"},"content":{"rendered":"<h1 style=\"text-align: center;\">Car vous n&#8217;\u00eates pas seul \u00e0 partager vos connaissances<\/h1>\n<p><img decoding=\"async\" class=\"wp-image-32974 alignright\" src=\"https:\/\/koiquestion.com\/wp-content\/uploads\/2013\/07\/Schermafdruk-2016-06-15-15.34.36.png\" alt=\"\" width=\"180\" height=\"164\" srcset=\"https:\/\/koiquestion.com\/wp-content\/uploads\/2013\/07\/Schermafdruk-2016-06-15-15.34.36.png 652w, https:\/\/koiquestion.com\/wp-content\/uploads\/2013\/07\/Schermafdruk-2016-06-15-15.34.36-500x455.png 500w, https:\/\/koiquestion.com\/wp-content\/uploads\/2013\/07\/Schermafdruk-2016-06-15-15.34.36-150x136.png 150w, https:\/\/koiquestion.com\/wp-content\/uploads\/2013\/07\/Schermafdruk-2016-06-15-15.34.36-450x409.png 450w, https:\/\/koiquestion.com\/wp-content\/uploads\/2013\/07\/Schermafdruk-2016-06-15-15.34.36-200x182.png 200w\" sizes=\"(max-width: 180px) 100vw, 180px\" \/><abbr class='c2c-text-hover' title='Beating Heart of the Nishikigoi Community'>KoiQuestion<\/abbr> s&#8217;engage \u00e0 servir la communaut\u00e9 des ko\u00efs en tant que source de connaissances et de portail, dans le but de promouvoir, d&#8217;am\u00e9liorer et de relier les gens et le hobby \u00e0 travers le monde. Nous ne serions pas en mesure de le faire sans le soutien et l&#8217;appui du commerce, c&#8217;est-\u00e0-dire de nos sponsors. Ensemble, nous pensons que leur contribution est constructive pour la popularit\u00e9, l&#8217;ampleur et le d\u00e9veloppement du hobby. L&#8217;\u00e9quipe de <abbr class='c2c-text-hover' title='Beating Heart of the Nishikigoi Community'>KoiQuestion<\/abbr> est reconnaissante \u00e0 ses sponsors de nous accorder leur confiance et d&#8217;assumer la responsabilit\u00e9 de renforcer le hobby.     <\/p>\n<h1 style=\"text-align: center;\">Nous sommes fiers de pr\u00e9senter nos sponsors<\/h1>\n<div class=\"lshowcase-clear-both\">&nbsp;<\/div><div class=\"lshowcase-logos \"><div class='lshowcase-flex' ><div  data-entry-id='42186' class='lshowcase-thumb lshowcase-hover-grayscale lshowcase-tooltip lshowcase-box-5 ls-sponsoren '><div style=\"padding:5%;\" class=\"lshowcase-wrap-responsive\"><div data-entry-id=\"42186\" class=\"lshowcase-boxInner\"><a href=\"https:\/\/www.abkoimarum.nl\" target=\"_blank\" rel=\"noopener\"><img data-no-lazy='1' data-original-title='AB Koi Marum' data-entry-id='42186' src='https:\/\/koiquestion.com\/wp-content\/uploads\/2020\/11\/Logo2-abkoi-200x111.png'  width='200'  height = '111'  alt='' title='AB Koi Marum' class='lshowcase-thumb'   \/><\/a><\/div><\/div><\/div><div  data-entry-id='42203' class='lshowcase-thumb lshowcase-hover-grayscale lshowcase-tooltip lshowcase-box-5 ls-sponsoren '><div style=\"padding:5%;\" class=\"lshowcase-wrap-responsive\"><div data-entry-id=\"42203\" class=\"lshowcase-boxInner\"><a href=\"http:\/\/pro-koi.nl\/\" target=\"_blank\" rel=\"noopener\"><img data-no-lazy='1' data-original-title='Arts &#038; Ants' data-entry-id='42203' src='https:\/\/koiquestion.com\/wp-content\/uploads\/2017\/09\/Banner-AA-300x250px-200x167.jpg'  width='200'  height = '167'  alt='' title='Arts &#038; Ants' class='lshowcase-thumb'   \/><\/a><\/div><\/div><\/div><div  data-entry-id='42209' class='lshowcase-thumb lshowcase-hover-grayscale lshowcase-tooltip lshowcase-box-5 ls-sponsoren '><div style=\"padding:5%;\" class=\"lshowcase-wrap-responsive\"><div data-entry-id=\"42209\" class=\"lshowcase-boxInner\"><a href=\"http:\/\/koikichiworld.nl\/\" target=\"_blank\" rel=\"noopener\"><img data-no-lazy='1' data-original-title='Koi Kichi World' data-entry-id='42209' src='https:\/\/koiquestion.com\/wp-content\/uploads\/2017\/09\/koi-kichi-world-200x87.jpg'  width='200'  height = '87'  alt='' title='Koi Kichi World' class='lshowcase-thumb'   \/><\/a><\/div><\/div><\/div><div  data-entry-id='42205' class='lshowcase-thumb lshowcase-hover-grayscale lshowcase-tooltip lshowcase-box-5 ls-sponsoren '><div style=\"padding:5%;\" class=\"lshowcase-wrap-responsive\"><div data-entry-id=\"42205\" class=\"lshowcase-boxInner\"><a href=\"https:\/\/www.filips-koi.be\" target=\"_blank\" rel=\"noopener\"><img data-no-lazy='1' data-original-title='Filip&#8217;s Koi &#038; Vijvershop' data-entry-id='42205' src='https:\/\/koiquestion.com\/wp-content\/uploads\/2017\/09\/13095766_1740893046148097_5368817372998690251_n-200x96.jpg'  width='200'  height = '96'  alt='' title='Filip&#8217;s Koi &#038; Vijvershop' class='lshowcase-thumb'   \/><\/a><\/div><\/div><\/div><\/div><\/div><div class=\"lshowcase-clear-both\">&nbsp;<\/div>\n<h1 style=\"text-align: center;\">Sponsors officiels de <abbr class='c2c-text-hover' title='Beating Heart of the Nishikigoi Community'>KoiQuestion<\/abbr><\/h1>\n<p><strong>AB Koi Marum<\/strong> &#8211; Magasin de koi \u00e0 Marum (NL)<\/p>\n<p><strong>Filips Koi und Teich Shop<\/strong> &#8211; Magasin de koi \u00e0 Baasrode Dendermonde (BE)<\/p>\n<p><strong>Arts &amp; Ameisen<\/strong> &#8211; magasin sp\u00e9cialis\u00e9 dans les ko\u00efs \u00e0 Aalsmeer (NL)<\/p>\n<p><strong>Koi Kichi World<\/strong> &#8211; Magasin de Koi \u00e0 Ridderkerk (NL)<\/p>\n<p><strong>ZenKoi<\/strong> &#8211; magasin de ko\u00ef \u00e0 Sint-Niklaas (BE)<\/p>\n<p>Devenez vous aussi sponsor, contactez-nous.<\/p>\n<blockquote>\n<h2><span style=\"color: #ff0000;\">Parce que le partage des connaissances peut \u00eatre r\u00e9compens\u00e9<\/span><\/h2>\n<\/blockquote>\n","protected":false},"excerpt":{"rendered":"<p>Car vous n&#8217;\u00eates pas seul \u00e0 partager vos connaissances <abbr class='c2c-text-hover' title='Beating Heart of the Nishikigoi Community'>KoiQuestion<\/abbr> s&#8217;engage \u00e0 servir la communaut\u00e9 des ko\u00efs en tant que source de connaissances et de portail, dans le but de promouvoir, d&#8217;am\u00e9liorer et de relier les gens et le hobby \u00e0 travers le monde. Nous ne serions pas en mesure de le faire sans le<\/p>\n","protected":false},"author":3,"featured_media":0,"parent":0,"menu_order":0,"comment_status":"open","ping_status":"open","template":"","meta":{"footnotes":""},"class_list":["post-67985","page","type-page","status-publish"],"_links":{"self":[{"href":"https:\/\/koiquestion.com\/fr\/wp-json\/wp\/v2\/pages\/67985","targetHints":{"allow":["GET"]}}],"collection":[{"href":"https:\/\/koiquestion.com\/fr\/wp-json\/wp\/v2\/pages"}],"about":[{"href":"https:\/\/koiquestion.com\/fr\/wp-json\/wp\/v2\/types\/page"}],"author":[{"embeddable":true,"href":"https:\/\/koiquestion.com\/fr\/wp-json\/wp\/v2\/users\/3"}],"replies":[{"embeddable":true,"href":"https:\/\/koiquestion.com\/fr\/wp-json\/wp\/v2\/comments?post=67985"}],"version-history":[{"count":0,"href":"https:\/\/koiquestion.com\/fr\/wp-json\/wp\/v2\/pages\/67985\/revisions"}],"wp:attachment":[{"href":"https:\/\/koiquestion.com\/fr\/wp-json\/wp\/v2\/media?parent=67985"}],"curies":[{"name":"wp","href":"https:\/\/api.w.org\/{rel}","templated":true}]}}