{"id":64958,"date":"2013-07-11T23:09:14","date_gmt":"2013-07-11T21:09:14","guid":{"rendered":"https:\/\/koiquestion.com\/offizielle-sponsoren"},"modified":"2013-07-11T23:09:14","modified_gmt":"2013-07-11T21:09:14","slug":"offizielle-sponsoren","status":"publish","type":"page","link":"https:\/\/koiquestion.com\/de\/offizielle-sponsoren","title":{"rendered":"Offizielle Sponsoren"},"content":{"rendered":"<h1 style=\"text-align: center;\">Denn Sie teilen Ihr Wissen nicht allein<\/h1>\n<p><img decoding=\"async\" class=\"wp-image-32974 alignright\" src=\"https:\/\/koiquestion.com\/wp-content\/uploads\/2013\/07\/Schermafdruk-2016-06-15-15.34.36.png\" alt=\"\" width=\"180\" height=\"164\" srcset=\"https:\/\/koiquestion.com\/wp-content\/uploads\/2013\/07\/Schermafdruk-2016-06-15-15.34.36.png 652w, https:\/\/koiquestion.com\/wp-content\/uploads\/2013\/07\/Schermafdruk-2016-06-15-15.34.36-500x455.png 500w, https:\/\/koiquestion.com\/wp-content\/uploads\/2013\/07\/Schermafdruk-2016-06-15-15.34.36-150x136.png 150w, https:\/\/koiquestion.com\/wp-content\/uploads\/2013\/07\/Schermafdruk-2016-06-15-15.34.36-450x409.png 450w, https:\/\/koiquestion.com\/wp-content\/uploads\/2013\/07\/Schermafdruk-2016-06-15-15.34.36-200x182.png 200w\" sizes=\"(max-width: 180px) 100vw, 180px\" \/><abbr class='c2c-text-hover' title='Beating Heart of the Nishikigoi Community'>KoiQuestion<\/abbr> engagiert sich f\u00fcr die Koi-Gemeinschaft als Wissensquelle und Portal mit dem Ziel, Menschen und das Hobby weltweit zu f\u00f6rdern, zu verbessern und zu verbinden. Wir w\u00e4ren dazu nicht in der Lage ohne die Unterst\u00fctzung und den R\u00fcckhalt des Handels, also unserer Sponsoren. Gemeinsam glauben wir, dass ihr Beitrag konstruktiv f\u00fcr die Popularit\u00e4t, den Umfang und die Entwicklung des Hobbys ist. Das Team von <abbr class='c2c-text-hover' title='Beating Heart of the Nishikigoi Community'>KoiQuestion<\/abbr> ist seinen Sponsoren dankbar, dass sie uns ihr Vertrauen schenken und die Verantwortung \u00fcbernehmen, das Hobby zu st\u00e4rken.   <\/p>\n<h1 style=\"text-align: center;\">Wir sind stolz darauf, unsere Sponsoren zu pr\u00e4sentieren<\/h1>\n<div class=\"lshowcase-clear-both\">&nbsp;<\/div><div class=\"lshowcase-logos \"><div class='lshowcase-flex' ><div  data-entry-id='42186' class='lshowcase-thumb lshowcase-hover-grayscale lshowcase-tooltip lshowcase-box-5 ls-sponsoren '><div style=\"padding:5%;\" class=\"lshowcase-wrap-responsive\"><div data-entry-id=\"42186\" class=\"lshowcase-boxInner\"><a href=\"https:\/\/www.abkoimarum.nl\" target=\"_blank\" rel=\"noopener\"><img data-no-lazy='1' data-original-title='AB Koi Marum' data-entry-id='42186' src='https:\/\/koiquestion.com\/wp-content\/uploads\/2020\/11\/Logo2-abkoi-200x111.png'  width='200'  height = '111'  alt='' title='AB Koi Marum' class='lshowcase-thumb'   \/><\/a><\/div><\/div><\/div><div  data-entry-id='42209' class='lshowcase-thumb lshowcase-hover-grayscale lshowcase-tooltip lshowcase-box-5 ls-sponsoren '><div style=\"padding:5%;\" class=\"lshowcase-wrap-responsive\"><div data-entry-id=\"42209\" class=\"lshowcase-boxInner\"><a href=\"http:\/\/koikichiworld.nl\/\" target=\"_blank\" rel=\"noopener\"><img data-no-lazy='1' data-original-title='Koi Kichi World' data-entry-id='42209' src='https:\/\/koiquestion.com\/wp-content\/uploads\/2017\/09\/koi-kichi-world-200x87.jpg'  width='200'  height = '87'  alt='' title='Koi Kichi World' class='lshowcase-thumb'   \/><\/a><\/div><\/div><\/div><div  data-entry-id='42205' class='lshowcase-thumb lshowcase-hover-grayscale lshowcase-tooltip lshowcase-box-5 ls-sponsoren '><div style=\"padding:5%;\" class=\"lshowcase-wrap-responsive\"><div data-entry-id=\"42205\" class=\"lshowcase-boxInner\"><a href=\"https:\/\/www.filips-koi.be\" target=\"_blank\" rel=\"noopener\"><img data-no-lazy='1' data-original-title='Filip&#8217;s Koi &#038; Vijvershop' data-entry-id='42205' src='https:\/\/koiquestion.com\/wp-content\/uploads\/2017\/09\/13095766_1740893046148097_5368817372998690251_n-200x96.jpg'  width='200'  height = '96'  alt='' title='Filip&#8217;s Koi &#038; Vijvershop' class='lshowcase-thumb'   \/><\/a><\/div><\/div><\/div><div  data-entry-id='42203' class='lshowcase-thumb lshowcase-hover-grayscale lshowcase-tooltip lshowcase-box-5 ls-sponsoren '><div style=\"padding:5%;\" class=\"lshowcase-wrap-responsive\"><div data-entry-id=\"42203\" class=\"lshowcase-boxInner\"><a href=\"http:\/\/pro-koi.nl\/\" target=\"_blank\" rel=\"noopener\"><img data-no-lazy='1' data-original-title='Arts &#038; Ants' data-entry-id='42203' src='https:\/\/koiquestion.com\/wp-content\/uploads\/2017\/09\/Banner-AA-300x250px-200x167.jpg'  width='200'  height = '167'  alt='' title='Arts &#038; Ants' class='lshowcase-thumb'   \/><\/a><\/div><\/div><\/div><\/div><\/div><div class=\"lshowcase-clear-both\">&nbsp;<\/div>\n<h1 style=\"text-align: center;\">Offizielle Sponsoren von <abbr class='c2c-text-hover' title='Beating Heart of the Nishikigoi Community'>KoiQuestion<\/abbr><\/h1>\n<p><strong>AB Koi Marum<\/strong> &#8211; Koi Fachgesch\u00e4ft in Marum (NL)<\/p>\n<p><strong>Filips Koi und Teich Shop<\/strong> &#8211; Koi-Fachgesch\u00e4ft in Baasrode Dendermonde (BE)<\/p>\n<p><strong>Arts &amp; Ameisen<\/strong> &#8211; Koi Fachgesch\u00e4ft in Aalsmeer (NL)<\/p>\n<p><strong>Koi Kichi World<\/strong> &#8211; Koi Fachgesch\u00e4ft in Ridderkerk (NL)<\/p>\n<p><strong>ZenKoi<\/strong> &#8211; Koi-Fachgesch\u00e4ft in Sint-Niklaas (BE)<\/p>\n<p>Werden Sie auch Sponsor, bitte kontaktieren Sie uns.<\/p>\n<blockquote>\n<h2><span style=\"color: #ff0000;\">Weil das Teilen von Wissen belohnt werden kann<\/span><\/h2>\n<\/blockquote>\n","protected":false},"excerpt":{"rendered":"<p>Denn Sie teilen Ihr Wissen nicht allein <abbr class='c2c-text-hover' title='Beating Heart of the Nishikigoi Community'>KoiQuestion<\/abbr> engagiert sich f\u00fcr die Koi-Gemeinschaft als Wissensquelle und Portal mit dem Ziel, Menschen und das Hobby weltweit zu f\u00f6rdern, zu verbessern und zu verbinden. Wir w\u00e4ren dazu nicht in der Lage ohne die Unterst\u00fctzung und den R\u00fcckhalt des Handels, also unserer Sponsoren. Gemeinsam glauben wir, dass ihr<\/p>\n","protected":false},"author":3,"featured_media":0,"parent":0,"menu_order":0,"comment_status":"open","ping_status":"open","template":"","meta":{"footnotes":""},"class_list":["post-64958","page","type-page","status-publish"],"_links":{"self":[{"href":"https:\/\/koiquestion.com\/de\/wp-json\/wp\/v2\/pages\/64958","targetHints":{"allow":["GET"]}}],"collection":[{"href":"https:\/\/koiquestion.com\/de\/wp-json\/wp\/v2\/pages"}],"about":[{"href":"https:\/\/koiquestion.com\/de\/wp-json\/wp\/v2\/types\/page"}],"author":[{"embeddable":true,"href":"https:\/\/koiquestion.com\/de\/wp-json\/wp\/v2\/users\/3"}],"replies":[{"embeddable":true,"href":"https:\/\/koiquestion.com\/de\/wp-json\/wp\/v2\/comments?post=64958"}],"version-history":[{"count":0,"href":"https:\/\/koiquestion.com\/de\/wp-json\/wp\/v2\/pages\/64958\/revisions"}],"wp:attachment":[{"href":"https:\/\/koiquestion.com\/de\/wp-json\/wp\/v2\/media?parent=64958"}],"curies":[{"name":"wp","href":"https:\/\/api.w.org\/{rel}","templated":true}]}}